{"id":1319,"date":"2022-12-11T17:55:02","date_gmt":"2022-12-11T17:55:02","guid":{"rendered":"http:\/\/adventuretours.atlasupcreative.com\/?post_type=product&#038;p=1319"},"modified":"2023-04-26T03:26:15","modified_gmt":"2023-04-26T03:26:15","slug":"half-day-camel-ride-marrakech-tour","status":"publish","type":"product","link":"https:\/\/meilleurquadmarrakech.com\/fr\/half-day-camel-ride-marrakech-tour\/","title":{"rendered":"Demi-journ\u00e9e \u00e0 dos de chameau dans la palmeraie"},"content":{"rendered":"<p>D\u00e9couvrez la Palmeraie \u00e0 dos de chameau. Quittez Marrakech et suivez votre guide \u00e0 travers la Palmeraie jusqu'aux villages pittoresques, o\u00f9 vous pourrez go\u00fbter au th\u00e9 local.<\/p>\n<p>B\u00e9n\u00e9ficiez d'une prise en charge \u00e0 votre h\u00f4tel de Marrakech et admirez les beaux jardins, les orangers au doux parfum et les palmeraies. Montez \u00e0 dos de chameau avec l'aide des responsables.<\/p>\n<p>Appr\u00e9ciez une balade pittoresque \u00e0 dos de chameau \u00e0 travers la Palmeraie. Suivez votre guide qui vous m\u00e8nera jusqu'aux villages voisins et d\u00e9couvrez la vie locale. Faites une halte dans l'un des villages pour appr\u00e9cier un th\u00e9 \u00e0 la menthe dans une r\u00e9gion nomade. Rentrez enfin \u00e0 votre h\u00e9bergement de Marrakech.<\/p>\n<p>Les enfants de moins de 12 ans seront passagers<\/p>\n<table class=\"table table-bordered tours-tabs__table\" style=\"height: 233px;\" width=\"862\">\n<tbody>\n<tr>\n<td class=\" translation-block\"><strong>PICKUP <\/strong><strong>D\u00c9TAILS<\/strong><strong style=\"font-family: inherit;font-size: inherit\">          <\/strong><strong><br>\n<\/strong><\/td>\n<td>Nous venons vous chercher \u00e0 l'h\u00f4tel ou riad .. et nous vous transportons dans un v\u00e9hicule climatis\u00e9, si l'h\u00e9bergement n'est pas accessible en voiture, un point de rencontre doit \u00eatre fourni et vous envoyer par courrier \u00e9lectronique. Nous restons en contact avec les clients jusqu'\u00e0 ce que nous les rencontrions.<\/td>\n<\/tr>\n<tr>\n<td><strong>INCLUS<\/strong><\/td>\n<td>\n<table class=\"table table-bordered\" style=\"height: 62px;\" width=\"300\">\n<tbody>\n<tr>\n<td><i class=\"fa fa-check icon-tick icon-tick--on\"><\/i>Prise en charge aller-retour \u00e0 l'h\u00f4tel<\/td>\n<td><i class=\"fa fa-check icon-tick icon-tick--on\"><\/i>Tenue traditionnelle (jilbab et foulard saharien)<\/td>\n<\/tr>\n<tr>\n<td><i class=\"fa fa-check icon-tick icon-tick--on\"><\/i>Th\u00e9 \u00e0 la menthe<\/td>\n<td><i class=\"fa fa-check icon-tick icon-tick--on\"><\/i>Chez l'habitants<\/td>\n<\/tr>\n<\/tbody>\n<\/table>\n<\/td>\n<\/tr>\n<tr>\n<td><strong>NON INCLUS<\/strong><strong style=\"font-family: inherit; font-size: inherit;\">\u00a0 \u00a0 \u00a0 \u00a0 \u00a0 \u00a0 \u00a0 \u00a0 \u00a0\u00a0<\/strong><strong><br \/>\n<\/strong><\/td>\n<td>\n<table class=\"table table-bordered\" style=\"height: 62px;\" width=\"300\">\n<tbody>\n<tr>\n<td><i class=\"fa fa-times icon-tick icon-tick--off\"><\/i>Pourboires<\/td>\n<\/tr>\n<\/tbody>\n<\/table>\n<\/td>\n<\/tr>\n<\/tbody>\n<\/table>","protected":false},"excerpt":{"rendered":"<p>Montez \u00e0 bord d'un chameau du d\u00e9sert lors de cette fascinante excursion dans l'incroyable palmeraie de Marrakech.<\/p>","protected":false},"featured_media":1404,"comment_status":"open","ping_status":"closed","template":"","meta":{"om_disable_all_campaigns":false,"_monsterinsights_skip_tracking":false,"_monsterinsights_sitenote_active":false,"_monsterinsights_sitenote_note":"","_monsterinsights_sitenote_category":0},"product_brand":[],"product_cat":[36],"product_tag":[],"class_list":{"0":"post-1319","1":"product","2":"type-product","3":"status-publish","4":"has-post-thumbnail","6":"product_cat-camel","7":"tour_category-camel","9":"first","10":"instock","11":"shipping-taxable","12":"purchasable","13":"product-type-tour"},"_links":{"self":[{"href":"https:\/\/meilleurquadmarrakech.com\/fr\/wp-json\/wp\/v2\/product\/1319","targetHints":{"allow":["GET"]}}],"collection":[{"href":"https:\/\/meilleurquadmarrakech.com\/fr\/wp-json\/wp\/v2\/product"}],"about":[{"href":"https:\/\/meilleurquadmarrakech.com\/fr\/wp-json\/wp\/v2\/types\/product"}],"replies":[{"embeddable":true,"href":"https:\/\/meilleurquadmarrakech.com\/fr\/wp-json\/wp\/v2\/comments?post=1319"}],"wp:featuredmedia":[{"embeddable":true,"href":"https:\/\/meilleurquadmarrakech.com\/fr\/wp-json\/wp\/v2\/media\/1404"}],"wp:attachment":[{"href":"https:\/\/meilleurquadmarrakech.com\/fr\/wp-json\/wp\/v2\/media?parent=1319"}],"wp:term":[{"taxonomy":"product_brand","embeddable":true,"href":"https:\/\/meilleurquadmarrakech.com\/fr\/wp-json\/wp\/v2\/product_brand?post=1319"},{"taxonomy":"product_cat","embeddable":true,"href":"https:\/\/meilleurquadmarrakech.com\/fr\/wp-json\/wp\/v2\/product_cat?post=1319"},{"taxonomy":"product_tag","embeddable":true,"href":"https:\/\/meilleurquadmarrakech.com\/fr\/wp-json\/wp\/v2\/product_tag?post=1319"}],"curies":[{"name":"wp","href":"https:\/\/api.w.org\/{rel}","templated":true}]}}