{"id":1308,"date":"2022-12-11T17:15:39","date_gmt":"2022-12-11T17:15:39","guid":{"rendered":"http:\/\/adventuretours.atlasupcreative.com\/?post_type=product&#038;p=1308"},"modified":"2023-03-16T18:36:29","modified_gmt":"2023-03-16T18:36:29","slug":"camel-ride-in-the-agafay-desert-by-sunset","status":"publish","type":"product","link":"https:\/\/meilleurquadmarrakech.com\/fr\/camel-ride-in-the-agafay-desert-by-sunset\/","title":{"rendered":"Promenade \u00e0 dos de chameau dans le d\u00e9sert d'Agafay au coucher du soleil"},"content":{"rendered":"<p>\u00c9chappez \u00e0 l'agitation de Marrakech et admirez les paysages \u00e0 couper le souffle du d\u00e9sert d'Agafay et des montagnes de l'Atlas. D\u00e9couvrez la culture berb\u00e8re riche et florissante des villages montagnards.\nFuyez l'effervescence de Marrakech et appr\u00e9ciez la qui\u00e9tude du d\u00e9sert avec une balade en chameau. Profitez d'un d\u00eener dans le d\u00e9sert d'Agafay. Immergez-vous au c\u0153ur de l'authentique style berb\u00e8re.<\/p>\n<table class=\"table table-bordered tours-tabs__table\" style=\"height: 233px;\" width=\"862\">\n<tbody>\n<tr>\n<td class=\" translation-block\"><strong>PICKUP <\/strong><strong>D\u00c9TAILS<\/strong><strong style=\"font-family: inherit;font-size: inherit\">          <\/strong><strong><br>\n<\/strong><\/td>\n<td>Nous venons vous chercher \u00e0 l'h\u00f4tel ou riad .. et nous vous transportons dans un v\u00e9hicule climatis\u00e9, si l'h\u00e9bergement n'est pas accessible en voiture, un point de rencontre doit \u00eatre fourni et vous envoyer par courrier \u00e9lectronique. Nous restons en contact avec les clients jusqu'\u00e0 ce que nous les rencontrions.<\/td>\n<\/tr>\n<tr>\n<td><strong>INCLUS<\/strong><\/td>\n<td>\n<table class=\"table table-bordered\" style=\"height: 62px;\" width=\"300\">\n<tbody>\n<tr>\n<td><i class=\"fa fa-check icon-tick icon-tick--on\"><\/i>Prise en charge aller-retour \u00e0 l'h\u00f4tel<\/td>\n<td><i class=\"fa fa-check icon-tick icon-tick--on\"><\/i>Carburant<\/td>\n<\/tr>\n<tr>\n<td><i class=\"fa fa-check icon-tick icon-tick--on\"><\/i>Th\u00e9 \u00e0 la menthe<\/td>\n<td><i class=\"fa fa-check icon-tick icon-tick--on\"><\/i>Chez l'habitants<\/td>\n<\/tr>\n<tr>\n<td><i class=\"fa fa-check icon-tick icon-tick--on\"><\/i>Th\u00e9 \u00e0 la menthe<\/td>\n<\/tr>\n<\/tbody>\n<\/table>\n<\/td>\n<\/tr>\n<tr>\n<td><strong>NON INCLUS<\/strong><strong style=\"font-family: inherit; font-size: inherit;\">\u00a0 \u00a0 \u00a0 \u00a0 \u00a0 \u00a0 \u00a0 \u00a0 \u00a0\u00a0<\/strong><strong><br \/>\n<\/strong><\/td>\n<td>\n<table class=\"table table-bordered\" style=\"height: 62px;\" width=\"300\">\n<tbody>\n<tr>\n<td><i class=\"fa fa-times icon-tick icon-tick--off\"><\/i>Pourboires<\/td>\n<\/tr>\n<\/tbody>\n<\/table>\n<\/td>\n<\/tr>\n<\/tbody>\n<\/table>","protected":false},"excerpt":{"rendered":"<p>Il n'est pas n\u00e9cessaire de passer des jours \u00e0 voyager dans le Sahara pour faire l'exp\u00e9rience d'une promenade \u00e0 dos de chameau dans le d\u00e9sert au coucher du soleil.<\/p>","protected":false},"featured_media":1310,"comment_status":"open","ping_status":"closed","template":"","meta":{"om_disable_all_campaigns":false,"_monsterinsights_skip_tracking":false,"_monsterinsights_sitenote_active":false,"_monsterinsights_sitenote_note":"","_monsterinsights_sitenote_category":0},"product_brand":[],"product_cat":[36],"product_tag":[],"class_list":{"0":"post-1308","1":"product","2":"type-product","3":"status-publish","4":"has-post-thumbnail","6":"product_cat-camel","7":"tour_category-camel","9":"first","10":"instock","11":"shipping-taxable","12":"purchasable","13":"product-type-tour"},"_links":{"self":[{"href":"https:\/\/meilleurquadmarrakech.com\/fr\/wp-json\/wp\/v2\/product\/1308","targetHints":{"allow":["GET"]}}],"collection":[{"href":"https:\/\/meilleurquadmarrakech.com\/fr\/wp-json\/wp\/v2\/product"}],"about":[{"href":"https:\/\/meilleurquadmarrakech.com\/fr\/wp-json\/wp\/v2\/types\/product"}],"replies":[{"embeddable":true,"href":"https:\/\/meilleurquadmarrakech.com\/fr\/wp-json\/wp\/v2\/comments?post=1308"}],"wp:featuredmedia":[{"embeddable":true,"href":"https:\/\/meilleurquadmarrakech.com\/fr\/wp-json\/wp\/v2\/media\/1310"}],"wp:attachment":[{"href":"https:\/\/meilleurquadmarrakech.com\/fr\/wp-json\/wp\/v2\/media?parent=1308"}],"wp:term":[{"taxonomy":"product_brand","embeddable":true,"href":"https:\/\/meilleurquadmarrakech.com\/fr\/wp-json\/wp\/v2\/product_brand?post=1308"},{"taxonomy":"product_cat","embeddable":true,"href":"https:\/\/meilleurquadmarrakech.com\/fr\/wp-json\/wp\/v2\/product_cat?post=1308"},{"taxonomy":"product_tag","embeddable":true,"href":"https:\/\/meilleurquadmarrakech.com\/fr\/wp-json\/wp\/v2\/product_tag?post=1308"}],"curies":[{"name":"wp","href":"https:\/\/api.w.org\/{rel}","templated":true}]}}