{"id":1301,"date":"2022-12-11T16:51:04","date_gmt":"2022-12-11T16:51:04","guid":{"rendered":"http:\/\/adventuretours.atlasupcreative.com\/?post_type=product&#038;p=1301"},"modified":"2022-12-25T01:51:47","modified_gmt":"2022-12-25T01:51:47","slug":"half-day-buggy-driving-tour-in-palm-grove","status":"publish","type":"product","link":"https:\/\/meilleurquadmarrakech.com\/fr\/half-day-buggy-driving-tour-in-palm-grove\/","title":{"rendered":"Excursion demi-journ\u00e9e en buggy \u00e0 la palmeraie"},"content":{"rendered":"<p>R\u00e9servez cette aventure en buggy en petit groupe qui vous emm\u00e8ne hors de Marrakech et dans les palmeraies en VTT. Votre guide vous indiquera le meilleur itin\u00e9raire pour une aventure dans la palmeraie. La s\u00e9curit\u00e9 est importante et vous recevrez un \u00e9quipement de s\u00e9curit\u00e9 avant de partir. Il vous suffit de conduire ou de monter sur le si\u00e8ge passager et de profiter de la balade.<\/p>\n<ul>\n<li>Visite \u00e0 l'ext\u00e9rieur de Marrakech qui vous emm\u00e8ne hors des sentiers battus<\/li>\n<li>Le transport aller-retour depuis Marrakech est pr\u00e9vu pour plus de facilit\u00e9<\/li>\n<li>Des paysages int\u00e9ressants \u00e0 d\u00e9couvrir<\/li>\n<li>Pause th\u00e9 dans un village berb\u00e8re<\/li>\n<\/ul>\n<p>&nbsp;<\/p>\n<table class=\"table table-bordered tours-tabs__table\" style=\"height: 233px;\" width=\"862\">\n<tbody>\n<tr>\n<td class=\" translation-block\"><strong>PICKUP <\/strong><strong>D\u00c9TAILS<\/strong><strong style=\"font-family: inherit;font-size: inherit\">          <\/strong><strong><br>\n<\/strong><\/td>\n<td>Nous venons vous chercher \u00e0 l'h\u00f4tel ou riad .. et nous vous transportons dans un v\u00e9hicule climatis\u00e9, si l'h\u00e9bergement n'est pas accessible en voiture, un point de rencontre doit \u00eatre fourni et vous envoyer par courrier \u00e9lectronique. Nous restons en contact avec les clients jusqu'\u00e0 ce que nous les rencontrions.<\/td>\n<\/tr>\n<tr>\n<td><strong>INCLUS<\/strong><\/td>\n<td>\n<table class=\"table table-bordered\" style=\"height: 62px;\" width=\"300\">\n<tbody>\n<tr>\n<td><i class=\"fa fa-check icon-tick icon-tick--on\"><\/i>Prise en charge aller\/retour<\/td>\n<td><i class=\"fa fa-check icon-tick icon-tick--on\"><\/i>Carburant<\/td>\n<\/tr>\n<tr>\n<td><i class=\"fa fa-check icon-tick icon-tick--on\"><\/i>Carburant<\/td>\n<td><i class=\"fa fa-check icon-tick icon-tick--on\"><\/i>Ententes<\/td>\n<\/tr>\n<tr>\n<td><i class=\"fa fa-check icon-tick icon-tick--on\"><\/i>Caf\u00e9 et\/ou th\u00e9<\/td>\n<td><i class=\"fa fa-check icon-tick icon-tick--on\"><\/i>Buggy (2plcs)<\/td>\n<\/tr>\n<\/tbody>\n<\/table>\n<\/td>\n<\/tr>\n<tr>\n<td><strong>NON INCLUS <\/strong><\/td>\n<td>\n<table class=\"table table-bordered\" style=\"height: 62px;\" width=\"300\">\n<tbody>\n<tr>\n<td><i class=\"fa fa-times icon-tick icon-tick--off\"><\/i>D\u00e9penses personnelles<\/td>\n<td><i class=\"fa fa-times icon-tick icon-tick--off\"><\/i>Pourboire<\/td>\n<\/tr>\n<\/tbody>\n<\/table>\n<\/td>\n<\/tr>\n<\/tbody>\n<\/table>\n<p>&nbsp;<\/p>","protected":false},"excerpt":{"rendered":"<p>Cette aventure vous procurera une pouss\u00e9e d'adr\u00e9naline et vous fera passer un moment inoubliable.<\/p>","protected":false},"featured_media":1417,"comment_status":"open","ping_status":"closed","template":"","meta":{"om_disable_all_campaigns":false,"_monsterinsights_skip_tracking":false,"_monsterinsights_sitenote_active":false,"_monsterinsights_sitenote_note":"","_monsterinsights_sitenote_category":0},"product_brand":[],"product_cat":[39],"product_tag":[],"class_list":{"0":"post-1301","1":"product","2":"type-product","3":"status-publish","4":"has-post-thumbnail","6":"product_cat-buggy","7":"tour_category-buggy","9":"first","10":"instock","11":"shipping-taxable","12":"purchasable","13":"product-type-tour"},"_links":{"self":[{"href":"https:\/\/meilleurquadmarrakech.com\/fr\/wp-json\/wp\/v2\/product\/1301","targetHints":{"allow":["GET"]}}],"collection":[{"href":"https:\/\/meilleurquadmarrakech.com\/fr\/wp-json\/wp\/v2\/product"}],"about":[{"href":"https:\/\/meilleurquadmarrakech.com\/fr\/wp-json\/wp\/v2\/types\/product"}],"replies":[{"embeddable":true,"href":"https:\/\/meilleurquadmarrakech.com\/fr\/wp-json\/wp\/v2\/comments?post=1301"}],"wp:featuredmedia":[{"embeddable":true,"href":"https:\/\/meilleurquadmarrakech.com\/fr\/wp-json\/wp\/v2\/media\/1417"}],"wp:attachment":[{"href":"https:\/\/meilleurquadmarrakech.com\/fr\/wp-json\/wp\/v2\/media?parent=1301"}],"wp:term":[{"taxonomy":"product_brand","embeddable":true,"href":"https:\/\/meilleurquadmarrakech.com\/fr\/wp-json\/wp\/v2\/product_brand?post=1301"},{"taxonomy":"product_cat","embeddable":true,"href":"https:\/\/meilleurquadmarrakech.com\/fr\/wp-json\/wp\/v2\/product_cat?post=1301"},{"taxonomy":"product_tag","embeddable":true,"href":"https:\/\/meilleurquadmarrakech.com\/fr\/wp-json\/wp\/v2\/product_tag?post=1301"}],"curies":[{"name":"wp","href":"https:\/\/api.w.org\/{rel}","templated":true}]}}