{"id":1298,"date":"2022-12-11T16:41:09","date_gmt":"2022-12-11T16:41:09","guid":{"rendered":"http:\/\/adventuretours.atlasupcreative.com\/?post_type=product&#038;p=1298"},"modified":"2023-04-27T02:17:17","modified_gmt":"2023-04-27T02:17:17","slug":"half-day-buggy-adventure-in-agafay-desert","status":"publish","type":"product","link":"https:\/\/meilleurquadmarrakech.com\/fr\/half-day-buggy-adventure-in-agafay-desert\/","title":{"rendered":"Demi-journ\u00e9e d'aventure en buggy dans le d\u00e9sert d'Agafay"},"content":{"rendered":"<p>D\u00e9couvrez le d\u00e9sert d'Agafay, situ\u00e9 \u00e0 seulement 45 min de Marrakech. Profitez d'une aire de jeux id\u00e9ale pour cette aventure unique en buggy. En compagnie d'un guide professionnel, parcourez des pistes au c\u0153ur d'un environnement naturel dans un buggy 800cc et rejoignez en voiture un village berb\u00e8re traditionnel pour une touche de culture.<\/p>\n<p>D\u00e9butez votre journ\u00e9e par quelques conseils de s\u00e9curit\u00e9 et instructions fournis par votre guide.<\/p>\n<p>Rejoignez ensuite les pistes du d\u00e9sert lors d'une balade palpitante. Profitez des grandes connaissances de votre guide sur l'environnement et les buggies. Laissez votre guide vous montrer les meilleurs lieux et pistes.<\/p>\n<p>Un arr\u00eat est pr\u00e9vu dans un petit village, o\u00f9 vous pourrez vous d\u00e9gourdir les jambes et appr\u00e9cier un th\u00e9 marocain sous une tente.<\/p>\n<p>Appr\u00e9ciez la c\u00e9l\u00e8bre hospitalit\u00e9 berb\u00e8re et contemplez des vues fascinantes sur le Haut Atlas.<\/p>\n<table class=\"table table-bordered tours-tabs__table\" style=\"height: 233px;\" width=\"862\">\n<tbody>\n<tr>\n<td class=\" translation-block\"><strong>PICKUP <\/strong><strong>D\u00c9TAILS<\/strong><strong style=\"font-family: inherit;font-size: inherit\">          <\/strong><strong><br>\n<\/strong><\/td>\n<td>Nous venons vous chercher \u00e0 l'h\u00f4tel ou riad .. et nous vous transportons dans un v\u00e9hicule climatis\u00e9, si l'h\u00e9bergement n'est pas accessible en voiture, un point de rencontre doit \u00eatre fourni et vous envoyer par courrier \u00e9lectronique. Nous restons en contact avec les clients jusqu'\u00e0 ce que nous les rencontrions.<\/td>\n<\/tr>\n<tr>\n<td><strong>INCLUS<\/strong><\/td>\n<td>\n<table class=\"table table-bordered\" style=\"height: 62px;\" width=\"300\">\n<tbody>\n<tr>\n<td><i class=\"fa fa-check icon-tick icon-tick--on\"><\/i>Prise en charge aller\/retour<\/td>\n<td><i class=\"fa fa-check icon-tick icon-tick--on\"><\/i>\u00c9quipement n\u00e9cessaire (gants, masques, lunettes)<\/td>\n<\/tr>\n<tr>\n<td><i class=\"fa fa-check icon-tick icon-tick--on\"><\/i>Eau min\u00e9rale<\/td>\n<td><i class=\"fa fa-check icon-tick icon-tick--on\"><\/i>Th\u00e9 et en-cas marocain<\/td>\n<\/tr>\n<\/tbody>\n<\/table>\n<\/td>\n<\/tr>\n<tr>\n<td><strong>NON INCLUS <\/strong><\/td>\n<td>\n<table class=\"table table-bordered\" style=\"height: 62px;\" width=\"300\">\n<tbody>\n<tr>\n<td><i class=\"fa fa-times icon-tick icon-tick--off\"><\/i>D\u00e9penses personnelles<\/td>\n<td><i class=\"fa fa-times icon-tick icon-tick--off\"><\/i>Pourboire<\/td>\n<\/tr>\n<\/tbody>\n<\/table>\n<\/td>\n<\/tr>\n<\/tbody>\n<\/table>\n<p>&nbsp;<\/p>","protected":false},"excerpt":{"rendered":"<p>Explorez les magnifiques environs du d\u00e9sert d'Agafay \u00e0 bord d'un buggy avec un guide exp\u00e9riment\u00e9.<\/p>","protected":false},"featured_media":1383,"comment_status":"open","ping_status":"closed","template":"","meta":{"om_disable_all_campaigns":false,"_monsterinsights_skip_tracking":false,"_monsterinsights_sitenote_active":false,"_monsterinsights_sitenote_note":"","_monsterinsights_sitenote_category":0},"product_brand":[],"product_cat":[39],"product_tag":[],"class_list":{"0":"post-1298","1":"product","2":"type-product","3":"status-publish","4":"has-post-thumbnail","6":"product_cat-buggy","7":"tour_category-buggy","9":"first","10":"instock","11":"shipping-taxable","12":"purchasable","13":"product-type-tour"},"_links":{"self":[{"href":"https:\/\/meilleurquadmarrakech.com\/fr\/wp-json\/wp\/v2\/product\/1298","targetHints":{"allow":["GET"]}}],"collection":[{"href":"https:\/\/meilleurquadmarrakech.com\/fr\/wp-json\/wp\/v2\/product"}],"about":[{"href":"https:\/\/meilleurquadmarrakech.com\/fr\/wp-json\/wp\/v2\/types\/product"}],"replies":[{"embeddable":true,"href":"https:\/\/meilleurquadmarrakech.com\/fr\/wp-json\/wp\/v2\/comments?post=1298"}],"wp:featuredmedia":[{"embeddable":true,"href":"https:\/\/meilleurquadmarrakech.com\/fr\/wp-json\/wp\/v2\/media\/1383"}],"wp:attachment":[{"href":"https:\/\/meilleurquadmarrakech.com\/fr\/wp-json\/wp\/v2\/media?parent=1298"}],"wp:term":[{"taxonomy":"product_brand","embeddable":true,"href":"https:\/\/meilleurquadmarrakech.com\/fr\/wp-json\/wp\/v2\/product_brand?post=1298"},{"taxonomy":"product_cat","embeddable":true,"href":"https:\/\/meilleurquadmarrakech.com\/fr\/wp-json\/wp\/v2\/product_cat?post=1298"},{"taxonomy":"product_tag","embeddable":true,"href":"https:\/\/meilleurquadmarrakech.com\/fr\/wp-json\/wp\/v2\/product_tag?post=1298"}],"curies":[{"name":"wp","href":"https:\/\/api.w.org\/{rel}","templated":true}]}}