{"id":1294,"date":"2022-12-11T16:06:07","date_gmt":"2022-12-11T16:06:07","guid":{"rendered":"http:\/\/adventuretours.atlasupcreative.com\/?post_type=product&#038;p=1294"},"modified":"2023-08-24T09:48:00","modified_gmt":"2023-08-24T09:48:00","slug":"quad-biking-camel-ride-in-agafay-desert","status":"publish","type":"product","link":"https:\/\/meilleurquadmarrakech.com\/fr\/quad-biking-camel-ride-in-agafay-desert\/","title":{"rendered":"Quad &amp; Dromadaire \u00e0 Agafay"},"content":{"rendered":"<div class=\"YmElR _T\">\n<div class=\"qgcDG\">\n<div class=\"biGQs _P pZUbB Whbsa KxBGd\">\n<div class=\"YmElR _T\">\n<div class=\"qgcDG\">\n<div class=\"biGQs _P pZUbB Whbsa KxBGd\">\n<p>Profitez d\u2019une balade en chameau et en quad \u00e0 seulement quelques kilom\u00e8tres de Marrakech. Les chameaux, que l\u2019on surnomme \u00ab vaisseaux du d\u00e9sert \u00bb, sont un moyen agr\u00e9able d\u2019appr\u00e9cier la paix de la palmeraie.<\/p>\n<p>Une balade \u00e0 dos de dromadaire et une balade en quad : pendant votre s\u00e9jour \u00e0 Marrakech, profitez de ces deux activit\u00e9s en une seule journ\u00e9e pour d\u00e9couvrir le le d\u00e9sert d\u2019Agafay ! Une ambiance relaxe et une exp\u00e9rience au c\u0153ur du Maroc.<\/p>\n<p>&nbsp;<\/p>\n<\/div>\n<\/div>\n<\/div>\n<\/div>\n<\/div>\n<\/div>\n<table class=\"table table-bordered tours-tabs__table\" style=\"height: 233px;\" width=\"862\">\n<tbody>\n<tr>\n<td class=\" translation-block\"><strong>PICKUP <\/strong><strong>D\u00c9TAILS<\/strong><strong style=\"font-family: inherit;font-size: inherit\">          <\/strong><strong><br>\n<\/strong><\/td>\n<td>Nous venons vous chercher \u00e0 l'h\u00f4tel ou riad .. et nous vous transportons dans un v\u00e9hicule climatis\u00e9, si l'h\u00e9bergement n'est pas accessible en voiture, un point de rencontre doit \u00eatre fourni et vous envoyer par courrier \u00e9lectronique. Nous restons en contact avec les clients jusqu'\u00e0 ce que nous les rencontrions.<\/td>\n<\/tr>\n<tr>\n<td><strong>INCLUS<\/strong><\/td>\n<td>\n<table class=\"table table-bordered\" style=\"height: 62px;\" width=\"300\">\n<tbody>\n<tr>\n<td><i class=\"fa fa-check icon-tick icon-tick--on\"><\/i>Prise en charge aller\/retour<\/td>\n<td><i class=\"fa fa-check icon-tick icon-tick--on\"><\/i>Equipements<\/td>\n<\/tr>\n<tr>\n<td><i class=\"fa fa-check icon-tick icon-tick--on\"><\/i>Dromadaire<\/td>\n<td><\/td>\n<\/tr>\n<\/tbody>\n<\/table>\n<\/td>\n<\/tr>\n<tr>\n<td><strong>NON INCLUS <\/strong><\/td>\n<td>\n<table class=\"table table-bordered\" style=\"height: 62px;\" width=\"300\">\n<tbody>\n<tr>\n<td><i class=\"fa fa-times icon-tick icon-tick--off\"><\/i>D\u00e9penses personnelles<\/td>\n<td><i class=\"fa fa-times icon-tick icon-tick--off\"><\/i>Pourboire<\/td>\n<\/tr>\n<\/tbody>\n<\/table>\n<\/td>\n<\/tr>\n<\/tbody>\n<\/table>\n<p>&nbsp;<\/p>","protected":false},"excerpt":{"rendered":"<p>Cette excursion au d\u00e9part de Marrakech vous permettra de faire des randonn\u00e9es en 4x4 et \u00e0 dos de chameau dans le magnifique d\u00e9sert d'Agafay.<\/p>","protected":false},"featured_media":1388,"comment_status":"open","ping_status":"closed","template":"","meta":{"om_disable_all_campaigns":false,"_monsterinsights_skip_tracking":false,"_monsterinsights_sitenote_active":false,"_monsterinsights_sitenote_note":"","_monsterinsights_sitenote_category":0},"product_brand":[],"product_cat":[73],"product_tag":[],"class_list":{"0":"post-1294","1":"product","2":"type-product","3":"status-publish","4":"has-post-thumbnail","6":"product_cat-quad-camel","7":"tour_category-quad-camel","9":"first","10":"instock","11":"shipping-taxable","12":"purchasable","13":"product-type-tour"},"_links":{"self":[{"href":"https:\/\/meilleurquadmarrakech.com\/fr\/wp-json\/wp\/v2\/product\/1294","targetHints":{"allow":["GET"]}}],"collection":[{"href":"https:\/\/meilleurquadmarrakech.com\/fr\/wp-json\/wp\/v2\/product"}],"about":[{"href":"https:\/\/meilleurquadmarrakech.com\/fr\/wp-json\/wp\/v2\/types\/product"}],"replies":[{"embeddable":true,"href":"https:\/\/meilleurquadmarrakech.com\/fr\/wp-json\/wp\/v2\/comments?post=1294"}],"wp:featuredmedia":[{"embeddable":true,"href":"https:\/\/meilleurquadmarrakech.com\/fr\/wp-json\/wp\/v2\/media\/1388"}],"wp:attachment":[{"href":"https:\/\/meilleurquadmarrakech.com\/fr\/wp-json\/wp\/v2\/media?parent=1294"}],"wp:term":[{"taxonomy":"product_brand","embeddable":true,"href":"https:\/\/meilleurquadmarrakech.com\/fr\/wp-json\/wp\/v2\/product_brand?post=1294"},{"taxonomy":"product_cat","embeddable":true,"href":"https:\/\/meilleurquadmarrakech.com\/fr\/wp-json\/wp\/v2\/product_cat?post=1294"},{"taxonomy":"product_tag","embeddable":true,"href":"https:\/\/meilleurquadmarrakech.com\/fr\/wp-json\/wp\/v2\/product_tag?post=1294"}],"curies":[{"name":"wp","href":"https:\/\/api.w.org\/{rel}","templated":true}]}}