{"id":1292,"date":"2022-12-11T15:50:53","date_gmt":"2022-12-11T15:50:53","guid":{"rendered":"http:\/\/adventuretours.atlasupcreative.com\/?post_type=product&#038;p=1292"},"modified":"2023-04-27T02:14:47","modified_gmt":"2023-04-27T02:14:47","slug":"hot-air-balloon-over-red-city-of-marrakech-atlas-mountains","status":"publish","type":"product","link":"https:\/\/meilleurquadmarrakech.com\/fr\/hot-air-balloon-over-red-city-of-marrakech-atlas-mountains\/","title":{"rendered":"Montgolfi\u00e8re au-dessus de la ville rouge de Marrakech, montagnes de l'Atlas"},"content":{"rendered":"<div class=\"YmElR _T\">\n<div class=\"qgcDG\">\n<div class=\"biGQs _P pZUbB Whbsa KxBGd\">\n<div class=\"YmElR _T\">\n<div class=\"qgcDG\">\n<div class=\"biGQs _P pZUbB Whbsa KxBGd\">Glissez au-dessus de la ville antique de Marrakech et des vall\u00e9es escarp\u00e9es et escarp\u00e9es des contreforts de l'Atlas en montgolfi\u00e8re<\/div>\n<div class=\"biGQs _P pZUbB Whbsa KxBGd\">Outre les transferts porte \u00e0 porte, votre forfait comprend th\u00e9, caf\u00e9 et collations \u00e0 l'arriv\u00e9e et un petit-d\u00e9jeuner berb\u00e8re apr\u00e8s votre atterrissage. La visite est limit\u00e9e \u00e0 16 personnes pour une exp\u00e9rience plus intime.<\/div>\n<div><\/div>\n<\/div>\n<ul>\n<li>Volez au-dessus de Marrakech et des collines de l'Atlas en montgolfi\u00e8re<\/li>\n<li>Impliquez-vous, avec la possibilit\u00e9 d'aider \u00e0 gonfler le ballon<\/li>\n<li>D\u00e9gustez du th\u00e9, du caf\u00e9 et des collations \u00e0 votre arriv\u00e9e<\/li>\n<li>Adoptez la facilit\u00e9 avec les transferts 4x4 aller-retour aller-retour<\/li>\n<li>Superbe exp\u00e9rience de bout en bout !<\/li>\n<\/ul>\n<div class=\"qgcDG\">\n<div><\/div>\n<\/div>\n<\/div>\n<\/div>\n<\/div>\n<\/div>\n<table class=\"table table-bordered tours-tabs__table\" style=\"height: 233px;\" width=\"862\">\n<tbody>\n<tr>\n<td class=\" translation-block\"><strong>PICKUP <\/strong><strong>D\u00c9TAILS<\/strong><strong style=\"font-family: inherit;font-size: inherit\">          <\/strong><strong><br>\n<\/strong><\/td>\n<td>Nous venons vous chercher \u00e0 l'h\u00f4tel ou riad .. et nous vous transportons dans un v\u00e9hicule climatis\u00e9, si l'h\u00e9bergement n'est pas accessible en voiture, un point de rencontre doit \u00eatre fourni et vous envoyer par courrier \u00e9lectronique. Nous restons en contact avec les clients jusqu'\u00e0 ce que nous les rencontrions.<\/td>\n<\/tr>\n<tr>\n<td><strong>INCLUS<\/strong><\/td>\n<td>\n<table class=\"table table-bordered\" style=\"height: 62px;\" width=\"300\">\n<tbody>\n<tr>\n<td><i class=\"fa fa-check icon-tick icon-tick--on\"><\/i>Prise en charge aller-retour \u00e0 l'h\u00f4tel<\/td>\n<td><i class=\"fa fa-check icon-tick icon-tick--on\"><\/i>Petit-d\u00e9jeuner<\/td>\n<\/tr>\n<tr>\n<td><i class=\"fa fa-check icon-tick icon-tick--on\"><\/i>Caf\u00e9 et\/ou th\u00e9<\/td>\n<td><i class=\"fa fa-check icon-tick icon-tick--on\"><\/i>Prise en charge aller-retour \u00e0 l'h\u00f4tel<\/td>\n<\/tr>\n<\/tbody>\n<\/table>\n<\/td>\n<\/tr>\n<tr>\n<td><strong>NON INCLUS <\/strong><\/td>\n<td>\n<table class=\"table table-bordered\" style=\"height: 62px;\" width=\"300\">\n<tbody>\n<tr>\n<td><i class=\"fa fa-times icon-tick icon-tick--off\"><\/i>Tipping<\/td>\n<td><i class=\"fa fa-times icon-tick icon-tick--off\"><\/i>Pourboire<\/td>\n<\/tr>\n<\/tbody>\n<\/table>\n<\/td>\n<\/tr>\n<\/tbody>\n<\/table>\n<p>&nbsp;<\/p>","protected":false},"excerpt":{"rendered":"<p>Survolez l'ancienne ville de Marrakech et les vall\u00e9es escarp\u00e9es<\/p>","protected":false},"featured_media":1289,"comment_status":"open","ping_status":"closed","template":"","meta":{"om_disable_all_campaigns":false,"_monsterinsights_skip_tracking":false,"_monsterinsights_sitenote_active":false,"_monsterinsights_sitenote_note":"","_monsterinsights_sitenote_category":0},"product_brand":[],"product_cat":[40],"product_tag":[],"class_list":{"0":"post-1292","1":"product","2":"type-product","3":"status-publish","4":"has-post-thumbnail","6":"product_cat-ballooning","7":"tour_category-ballooning","9":"first","10":"instock","11":"shipping-taxable","12":"purchasable","13":"product-type-tour"},"_links":{"self":[{"href":"https:\/\/meilleurquadmarrakech.com\/fr\/wp-json\/wp\/v2\/product\/1292","targetHints":{"allow":["GET"]}}],"collection":[{"href":"https:\/\/meilleurquadmarrakech.com\/fr\/wp-json\/wp\/v2\/product"}],"about":[{"href":"https:\/\/meilleurquadmarrakech.com\/fr\/wp-json\/wp\/v2\/types\/product"}],"replies":[{"embeddable":true,"href":"https:\/\/meilleurquadmarrakech.com\/fr\/wp-json\/wp\/v2\/comments?post=1292"}],"wp:featuredmedia":[{"embeddable":true,"href":"https:\/\/meilleurquadmarrakech.com\/fr\/wp-json\/wp\/v2\/media\/1289"}],"wp:attachment":[{"href":"https:\/\/meilleurquadmarrakech.com\/fr\/wp-json\/wp\/v2\/media?parent=1292"}],"wp:term":[{"taxonomy":"product_brand","embeddable":true,"href":"https:\/\/meilleurquadmarrakech.com\/fr\/wp-json\/wp\/v2\/product_brand?post=1292"},{"taxonomy":"product_cat","embeddable":true,"href":"https:\/\/meilleurquadmarrakech.com\/fr\/wp-json\/wp\/v2\/product_cat?post=1292"},{"taxonomy":"product_tag","embeddable":true,"href":"https:\/\/meilleurquadmarrakech.com\/fr\/wp-json\/wp\/v2\/product_tag?post=1292"}],"curies":[{"name":"wp","href":"https:\/\/api.w.org\/{rel}","templated":true}]}}