{"id":1279,"date":"2022-12-11T15:23:25","date_gmt":"2022-12-11T15:23:25","guid":{"rendered":"http:\/\/adventuretours.atlasupcreative.com\/?post_type=product&#038;p=1279"},"modified":"2022-12-25T01:50:55","modified_gmt":"2022-12-25T01:50:55","slug":"quad-ride-in-the-palm-grove-of-marrakech","status":"publish","type":"product","link":"https:\/\/meilleurquadmarrakech.com\/fr\/quad-ride-in-the-palm-grove-of-marrakech\/","title":{"rendered":"Balade en quad dans la palmeraie de Marrakech"},"content":{"rendered":"<p>Sortez de l'agitation de Marrakech dans le confort d'une voiture climatis\u00e9e et dirigez-vous dans le d\u00e9sert sans fin \u00e0 proximit\u00e9. De l\u00e0, embarquez pour une visite passionnante du d\u00e9sert de Jbilets, connu pour son \u00e9clairage attrayant, en quad. \u00c9loignez-vous de tout cela en explorant l'histoire et la culture fascinantes de cette r\u00e9gion unique avec votre guide local.<\/p>\n<p>\u00c0 seulement 30 minutes du centre de Marrakech, d\u00e9couvrez le vrai Maroc et apprenez \u00e0 conna\u00eetre les habitants. D\u00e9couvrez la r\u00e9gion d\u00e9sertique de Jbilets et admirez la vue sur les montagnes de l'Atlas.<\/p>\n<blockquote><p>Prenez le tout-terrain lors d'une randonn\u00e9e en quad de deux heures de Marrakech aux palmiers, une palmeraie \u00e9tal\u00e9e \u00e0 l'ext\u00e9rieur des murs de la ville. Passez derri\u00e8re les impressionnantes maisons et les h\u00f4tels dans les arbres et descendez profond\u00e9ment dans le sanctuaire de 32 123 hectares, o\u00f9 les villages barbares conservent des modes de vie traditionnels. Passez dans des vergers ombrag\u00e9s et du lavage de sable, et passez par les chameaux, les \u00e2nes et les ch\u00e8vres en faisant du v\u00e9lo \u00e0 travers le magnifique paysage d\u00e9sertique du Maroc.<\/p><\/blockquote>\n<table class=\"table table-bordered tours-tabs__table\" style=\"height: 233px;\" width=\"862\">\n<tbody>\n<tr>\n<td class=\" translation-block\"><strong>PICKUP <\/strong><strong>D\u00c9TAILS<\/strong><strong style=\"font-family: inherit;font-size: inherit\">          <\/strong><strong><br>\n<\/strong><\/td>\n<td>Nous venons vous chercher \u00e0 l'h\u00f4tel ou riad .. et nous vous transportons dans un v\u00e9hicule climatis\u00e9, si l'h\u00e9bergement n'est pas accessible en voiture, un point de rencontre doit \u00eatre fourni et vous envoyer par courrier \u00e9lectronique. Nous restons en contact avec les clients jusqu'\u00e0 ce que nous les rencontrions.<\/td>\n<\/tr>\n<tr>\n<td><strong>INCLUS<\/strong><\/td>\n<td>\n<table class=\"table table-bordered\" style=\"height: 62px;\" width=\"300\">\n<tbody>\n<tr>\n<td><i class=\"fa fa-check icon-tick icon-tick--on\"><\/i>Pause-th\u00e9<\/td>\n<td><i class=\"fa fa-check icon-tick icon-tick--on\"><\/i>Prise en charge aller\/retour<\/td>\n<\/tr>\n<tr>\n<td><i class=\"fa fa-check icon-tick icon-tick--on\"><\/i>Guide professionnel<\/td>\n<\/tr>\n<\/tbody>\n<\/table>\n<\/td>\n<\/tr>\n<tr>\n<td><strong>NON INCLUS <\/strong><\/td>\n<td>\n<table class=\"table table-bordered\" style=\"height: 62px;\" width=\"300\">\n<tbody>\n<tr>\n<td><i class=\"fa fa-times icon-tick icon-tick--off\"><\/i>Frais d'entr\u00e9e<\/td>\n<td><i class=\"fa fa-times icon-tick icon-tick--off\"><\/i>Pourboire<\/td>\n<\/tr>\n<\/tbody>\n<\/table>\n<\/td>\n<\/tr>\n<\/tbody>\n<\/table>\n<p>&nbsp;<\/p>","protected":false},"excerpt":{"rendered":"<p>Faites une pause pour d\u00e9guster un th\u00e9 marocain tout en vous relaxant et en admirant la vue magnifique.<\/p>","protected":false},"featured_media":1406,"comment_status":"open","ping_status":"closed","template":"","meta":{"om_disable_all_campaigns":false,"_monsterinsights_skip_tracking":false,"_monsterinsights_sitenote_active":false,"_monsterinsights_sitenote_note":"","_monsterinsights_sitenote_category":0},"product_brand":[],"product_cat":[38],"product_tag":[],"class_list":{"0":"post-1279","1":"product","2":"type-product","3":"status-publish","4":"has-post-thumbnail","6":"product_cat-quad","7":"tour_category-quad","9":"first","10":"instock","11":"shipping-taxable","12":"purchasable","13":"product-type-tour"},"_links":{"self":[{"href":"https:\/\/meilleurquadmarrakech.com\/fr\/wp-json\/wp\/v2\/product\/1279","targetHints":{"allow":["GET"]}}],"collection":[{"href":"https:\/\/meilleurquadmarrakech.com\/fr\/wp-json\/wp\/v2\/product"}],"about":[{"href":"https:\/\/meilleurquadmarrakech.com\/fr\/wp-json\/wp\/v2\/types\/product"}],"replies":[{"embeddable":true,"href":"https:\/\/meilleurquadmarrakech.com\/fr\/wp-json\/wp\/v2\/comments?post=1279"}],"wp:featuredmedia":[{"embeddable":true,"href":"https:\/\/meilleurquadmarrakech.com\/fr\/wp-json\/wp\/v2\/media\/1406"}],"wp:attachment":[{"href":"https:\/\/meilleurquadmarrakech.com\/fr\/wp-json\/wp\/v2\/media?parent=1279"}],"wp:term":[{"taxonomy":"product_brand","embeddable":true,"href":"https:\/\/meilleurquadmarrakech.com\/fr\/wp-json\/wp\/v2\/product_brand?post=1279"},{"taxonomy":"product_cat","embeddable":true,"href":"https:\/\/meilleurquadmarrakech.com\/fr\/wp-json\/wp\/v2\/product_cat?post=1279"},{"taxonomy":"product_tag","embeddable":true,"href":"https:\/\/meilleurquadmarrakech.com\/fr\/wp-json\/wp\/v2\/product_tag?post=1279"}],"curies":[{"name":"wp","href":"https:\/\/api.w.org\/{rel}","templated":true}]}}