{"id":1274,"date":"2022-12-11T15:14:31","date_gmt":"2022-12-11T15:14:31","guid":{"rendered":"http:\/\/adventuretours.atlasupcreative.com\/?post_type=product&#038;p=1274"},"modified":"2023-08-24T09:50:13","modified_gmt":"2023-08-24T09:50:13","slug":"quad-bike-and-camel-ride-on-palm-grove","status":"publish","type":"product","link":"https:\/\/meilleurquadmarrakech.com\/fr\/quad-bike-and-camel-ride-on-palm-grove\/","title":{"rendered":"Randonn\u00e9e en quad et \u00e0 dos de chameau dans la palmeraie"},"content":{"rendered":"<p>Embarquez dans une aventure en quad et en dromadaire \u00e0 travers le d\u00e9sert marocain. Visitez un village berb\u00e8re et rencontrez l'hospitalit\u00e9 traditionnelle en d\u00e9couvrant la vie dans le pays en dehors de Marrakech.\n\n.\n\nApr\u00e8s avoir \u00e9t\u00e9 pris en charge \u00e0 votre h\u00f4tel, vous serez conduit vers un paysage aride d'un autre monde o\u00f9 votre aventure commencera. Votre guide vous fournira toutes les instructions et l'\u00e9quipement n\u00e9cessaires, y compris la tenue nomade, pour votre excursion \u00e0 dos de dromadaire.\n\n\u00c0 bord de votre dromadaire, voyez \u00e0 quoi ressemble la vie en dehors de l'agitation de Marrakech. Visitez un village berb\u00e8re et profitez d'une pause th\u00e9 dans le d\u00e9sert. D\u00e9couvrez l'hospitalit\u00e9 et l'authenticit\u00e9 des Marocains.<\/p>\n<blockquote><p>Puis descendez, enfilez votre casque et vos gants, et foncez dans le d\u00e9sert au sommet de votre quad. Faites la course parmi les palmiers sous le vaste ciel bleu et d\u00e9couvrez un monde ouvert et palpitant qui vous attend juste \u00e0 l'ext\u00e9rieur de la grande ville.<br \/>\nCapture photos of the desert, palm groves, and camel<br \/>\nChoose from several tour times to suit your schedule<br \/>\nEnjoy round-trip transfers from your Marrakech hotel<\/p><\/blockquote>\n<table class=\"table table-bordered tours-tabs__table\" style=\"height: 233px;\" width=\"862\">\n<tbody>\n<tr>\n<td class=\" translation-block\"><strong>PICKUP <\/strong><strong>D\u00c9TAILS<\/strong><strong style=\"font-family: inherit;font-size: inherit\">          <\/strong><strong><br>\n<\/strong><\/td>\n<td>Nous venons vous chercher \u00e0 l'h\u00f4tel ou riad .. et nous vous transportons dans un v\u00e9hicule climatis\u00e9, si l'h\u00e9bergement n'est pas accessible en voiture, un point de rencontre doit \u00eatre fourni et vous envoyer par courrier \u00e9lectronique. Nous restons en contact avec les clients jusqu'\u00e0 ce que nous les rencontrions.<\/td>\n<\/tr>\n<tr>\n<td><strong>INCLUS<\/strong><\/td>\n<td>\n<table class=\"table table-bordered\" style=\"height: 62px;\" width=\"300\">\n<tbody>\n<tr>\n<td><i class=\"fa fa-check icon-tick icon-tick--on\"><\/i>Pause th\u00e9<\/td>\n<td><i class=\"fa fa-check icon-tick icon-tick--on\"><\/i>Prise en charge aller\/retour<\/td>\n<\/tr>\n<tr>\n<td><i class=\"fa fa-check icon-tick icon-tick--on\"><\/i>Guide professionnel<\/td>\n<\/tr>\n<\/tbody>\n<\/table>\n<\/td>\n<\/tr>\n<tr>\n<td><strong>NON INCLUS <\/strong><\/td>\n<td>\n<table class=\"table table-bordered\" style=\"height: 62px;\" width=\"300\">\n<tbody>\n<tr>\n<td><i class=\"fa fa-times icon-tick icon-tick--off\"><\/i>Pourboire<\/td>\n<td><\/td>\n<\/tr>\n<\/tbody>\n<\/table>\n<\/td>\n<\/tr>\n<\/tbody>\n<\/table>","protected":false},"excerpt":{"rendered":"<p>Que ce soit en quad ou \u00e0 dos de chameau, toute notre \u00e9quipe s'occupera de vous pour vous faire vivre des vacances uniques.<\/p>","protected":false},"featured_media":1390,"comment_status":"open","ping_status":"closed","template":"","meta":{"om_disable_all_campaigns":false,"_monsterinsights_skip_tracking":false,"_monsterinsights_sitenote_active":false,"_monsterinsights_sitenote_note":"","_monsterinsights_sitenote_category":0},"product_brand":[],"product_cat":[73],"product_tag":[],"class_list":{"0":"post-1274","1":"product","2":"type-product","3":"status-publish","4":"has-post-thumbnail","6":"product_cat-quad-camel","7":"tour_category-quad-camel","9":"first","10":"instock","11":"shipping-taxable","12":"purchasable","13":"product-type-tour"},"_links":{"self":[{"href":"https:\/\/meilleurquadmarrakech.com\/fr\/wp-json\/wp\/v2\/product\/1274","targetHints":{"allow":["GET"]}}],"collection":[{"href":"https:\/\/meilleurquadmarrakech.com\/fr\/wp-json\/wp\/v2\/product"}],"about":[{"href":"https:\/\/meilleurquadmarrakech.com\/fr\/wp-json\/wp\/v2\/types\/product"}],"replies":[{"embeddable":true,"href":"https:\/\/meilleurquadmarrakech.com\/fr\/wp-json\/wp\/v2\/comments?post=1274"}],"wp:featuredmedia":[{"embeddable":true,"href":"https:\/\/meilleurquadmarrakech.com\/fr\/wp-json\/wp\/v2\/media\/1390"}],"wp:attachment":[{"href":"https:\/\/meilleurquadmarrakech.com\/fr\/wp-json\/wp\/v2\/media?parent=1274"}],"wp:term":[{"taxonomy":"product_brand","embeddable":true,"href":"https:\/\/meilleurquadmarrakech.com\/fr\/wp-json\/wp\/v2\/product_brand?post=1274"},{"taxonomy":"product_cat","embeddable":true,"href":"https:\/\/meilleurquadmarrakech.com\/fr\/wp-json\/wp\/v2\/product_cat?post=1274"},{"taxonomy":"product_tag","embeddable":true,"href":"https:\/\/meilleurquadmarrakech.com\/fr\/wp-json\/wp\/v2\/product_tag?post=1274"}],"curies":[{"name":"wp","href":"https:\/\/api.w.org\/{rel}","templated":true}]}}