{"id":1267,"date":"2022-12-11T14:06:46","date_gmt":"2022-12-11T14:06:46","guid":{"rendered":"http:\/\/adventuretours.atlasupcreative.com\/?post_type=product&#038;p=1267"},"modified":"2022-12-25T01:35:20","modified_gmt":"2022-12-25T01:35:20","slug":"marrakech-palmeraie-quad-bike-desert-adventure","status":"publish","type":"product","link":"https:\/\/meilleurquadmarrakech.com\/fr\/marrakech-palmeraie-quad-bike-desert-adventure\/","title":{"rendered":"Randonn\u00e9e en quad dans le d\u00e9sert d'Agafay"},"content":{"rendered":"<p>2 Hours quad biking adventure in the middle of Agafay Desert and near the Atlas Mountains. This adventure will take you through arid hills, oases, and rivers\u2026<\/p>\n<p>This excursion provides a bit of everything, from adventure to amazing mountainous landscapes before discovering the sublime beauty of Agafay Desert with its lush hidden canyons.<\/p>\n<p>Once participants have reached the base, they are given a briefing on the safe use of quads along with the appropriate health and safety equipment: goggles, hood, helmet&#8230;<\/p>\n<p>You will follow the tracks of the Agafay Desert going over its stones and hills and the feeling of being all alone in this world will grip you in its lunar landscape.<\/p>\n<p>On the return to Marrakech you\u2019ll enjoy sublime views of the Atlas Mountains.<\/p>\n<p>&nbsp;<\/p>\n<ul>\n<li>Choose to drive a quad solo or share a 2-seater with a friend<\/li>\n<li>Suitable for all abilities, with route tailored to your experience and wishes<\/li>\n<li>Includes all necessary instruction and equipment, plus Marrakech hotel pickup and drop-off<\/li>\n<\/ul>\n<table class=\"table table-bordered tours-tabs__table\" style=\"height: 233px;\" width=\"862\">\n<tbody>\n<tr>\n<td class=\" translation-block\"><strong>PICKUP <\/strong><strong>D\u00c9TAILS<\/strong><strong style=\"font-family: inherit;font-size: inherit\">          <\/strong><strong><br>\n<\/strong><\/td>\n<td>Nous venons vous chercher \u00e0 l'h\u00f4tel ou riad .. et nous vous transportons dans un v\u00e9hicule climatis\u00e9, si l'h\u00e9bergement n'est pas accessible en voiture, un point de rencontre doit \u00eatre fourni et vous envoyer par courrier \u00e9lectronique. Nous restons en contact avec les clients jusqu'\u00e0 ce que nous les rencontrions.<\/td>\n<\/tr>\n<tr>\n<td><strong>INCLUS<\/strong><\/td>\n<td>\n<table class=\"table table-bordered\" style=\"height: 62px;\" width=\"300\">\n<tbody>\n<tr>\n<td><i class=\"fa fa-check icon-tick icon-tick--on\"><\/i>Prise en charge aller\/retour<\/td>\n<td><i class=\"fa fa-check icon-tick icon-tick--on\"><\/i>Tea<\/td>\n<\/tr>\n<tr>\n<td><i class=\"fa fa-check icon-tick icon-tick--on\"><\/i>1.5-hour quad bike ride<\/td>\n<td><i class=\"fa fa-check icon-tick icon-tick--on\"><\/i>Guide professionnel<\/td>\n<\/tr>\n<\/tbody>\n<\/table>\n<\/td>\n<\/tr>\n<tr>\n<td><strong>NON INCLUS <\/strong><\/td>\n<td>\n<table class=\"table table-bordered\" style=\"height: 62px;\" width=\"300\">\n<tbody>\n<tr>\n<td><i class=\"fa fa-times icon-tick icon-tick--off\"><\/i>Frais d'entr\u00e9e<\/td>\n<td><i class=\"fa fa-times icon-tick icon-tick--off\"><\/i>Frais d'entr\u00e9e<\/td>\n<\/tr>\n<\/tbody>\n<\/table>\n<\/td>\n<\/tr>\n<\/tbody>\n<\/table>\n<p>&nbsp;<\/p>","protected":false},"excerpt":{"rendered":"<p>D\u00e9couverte de la beaut\u00e9 sublime du d\u00e9sert d'Agafay avec ses canyons cach\u00e9s et luxuriants<\/p>","protected":false},"featured_media":1269,"comment_status":"open","ping_status":"closed","template":"","meta":{"om_disable_all_campaigns":false,"_monsterinsights_skip_tracking":false,"_monsterinsights_sitenote_active":false,"_monsterinsights_sitenote_note":"","_monsterinsights_sitenote_category":0},"product_brand":[],"product_cat":[38],"product_tag":[],"class_list":{"0":"post-1267","1":"product","2":"type-product","3":"status-publish","4":"has-post-thumbnail","6":"product_cat-quad","7":"tour_category-quad","9":"first","10":"instock","11":"shipping-taxable","12":"purchasable","13":"product-type-tour"},"_links":{"self":[{"href":"https:\/\/meilleurquadmarrakech.com\/fr\/wp-json\/wp\/v2\/product\/1267","targetHints":{"allow":["GET"]}}],"collection":[{"href":"https:\/\/meilleurquadmarrakech.com\/fr\/wp-json\/wp\/v2\/product"}],"about":[{"href":"https:\/\/meilleurquadmarrakech.com\/fr\/wp-json\/wp\/v2\/types\/product"}],"replies":[{"embeddable":true,"href":"https:\/\/meilleurquadmarrakech.com\/fr\/wp-json\/wp\/v2\/comments?post=1267"}],"wp:featuredmedia":[{"embeddable":true,"href":"https:\/\/meilleurquadmarrakech.com\/fr\/wp-json\/wp\/v2\/media\/1269"}],"wp:attachment":[{"href":"https:\/\/meilleurquadmarrakech.com\/fr\/wp-json\/wp\/v2\/media?parent=1267"}],"wp:term":[{"taxonomy":"product_brand","embeddable":true,"href":"https:\/\/meilleurquadmarrakech.com\/fr\/wp-json\/wp\/v2\/product_brand?post=1267"},{"taxonomy":"product_cat","embeddable":true,"href":"https:\/\/meilleurquadmarrakech.com\/fr\/wp-json\/wp\/v2\/product_cat?post=1267"},{"taxonomy":"product_tag","embeddable":true,"href":"https:\/\/meilleurquadmarrakech.com\/fr\/wp-json\/wp\/v2\/product_tag?post=1267"}],"curies":[{"name":"wp","href":"https:\/\/api.w.org\/{rel}","templated":true}]}}