{"id":57,"date":"2015-07-17T10:22:08","date_gmt":"2015-07-17T10:22:08","guid":{"rendered":"http:\/\/adventure-tours.themedelight.com\/?page_id=57"},"modified":"2023-04-27T02:12:33","modified_gmt":"2023-04-27T02:12:33","slug":"about-us","status":"publish","type":"page","link":"https:\/\/meilleurquadmarrakech.com\/fr\/about-us\/","title":{"rendered":"\u00c0 PROPOS DE NOUS"},"content":{"rendered":"<div class=\"vc_row wpb_row vc_row-fluid\"><div class=\"wpb_column vc_column_container vc_col-sm-6\"><div class=\"vc_column-inner\"><div class=\"wpb_wrapper\"><div class=\"wpb_images_carousel wpb_content_element vc_clearfix\"><div class=\"wpb_wrapper\"><div id=\"vc_images-carousel-1-1776740676\" data-ride=\"vc_carousel\" data-wrap=\"false\" style=\"width: 480px;\" data-interval=\"5000\" data-auto-height=\"yes\" data-mode=\"horizontal\" data-partial=\"false\" data-per-view=\"1\" data-hide-on-end=\"false\" class=\"vc_slide vc_images_carousel\"><ol class=\"vc_carousel-indicators\"><li data-target=\"#vc_images-carousel-1-1776740676\" data-slide-to=\"0\"><\/li><li data-target=\"#vc_images-carousel-1-1776740676\" data-slide-to=\"1\"><\/li><li data-target=\"#vc_images-carousel-1-1776740676\" data-slide-to=\"2\"><\/li><li data-target=\"#vc_images-carousel-1-1776740676\" data-slide-to=\"3\"><\/li><li data-target=\"#vc_images-carousel-1-1776740676\" data-slide-to=\"4\"><\/li><li data-target=\"#vc_images-carousel-1-1776740676\" data-slide-to=\"5\"><\/li><li data-target=\"#vc_images-carousel-1-1776740676\" data-slide-to=\"6\"><\/li><li data-target=\"#vc_images-carousel-1-1776740676\" data-slide-to=\"7\"><\/li><li data-target=\"#vc_images-carousel-1-1776740676\" data-slide-to=\"8\"><\/li><li data-target=\"#vc_images-carousel-1-1776740676\" data-slide-to=\"9\"><\/li><li data-target=\"#vc_images-carousel-1-1776740676\" data-slide-to=\"10\"><\/li><\/ol><div class=\"vc_carousel-inner\"><div class=\"vc_carousel-slideline\"><div class=\"vc_carousel-slideline-inner\"><div class=\"vc_item\"><div class=\"vc_inner\"><a class=\"\" href=\"https:\/\/meilleurquadmarrakech.com\/wp-content\/uploads\/2022\/12\/WhatsApp-Image-2022-12-13-at-20.06.52.jpeg\" data-lightbox=\"lightbox[rel-57-3941914901]\"><img decoding=\"async\" class=\"\" src=\"https:\/\/meilleurquadmarrakech.com\/wp-content\/uploads\/2022\/12\/WhatsApp-Image-2022-12-13-at-20.06.52-480x340.jpeg\" width=\"480\" height=\"340\" alt=\"WhatsApp Image 2022-12-13 at 20.06.52\" title=\"WhatsApp Image 2022-12-13 at 20.06.52\" \/><\/a><\/div><\/div><div class=\"vc_item\"><div class=\"vc_inner\"><a class=\"\" href=\"https:\/\/meilleurquadmarrakech.com\/wp-content\/uploads\/2022\/12\/WhatsApp-Image-2022-12-13-at-20.06.56.jpeg\" data-lightbox=\"lightbox[rel-57-3941914901]\"><img decoding=\"async\" class=\"\" src=\"https:\/\/meilleurquadmarrakech.com\/wp-content\/uploads\/2022\/12\/WhatsApp-Image-2022-12-13-at-20.06.56-480x340.jpeg\" width=\"480\" height=\"340\" alt=\"WhatsApp Image 2022-12-13 at 20.06.56\" title=\"WhatsApp Image 2022-12-13 at 20.06.56\" \/><\/a><\/div><\/div><div class=\"vc_item\"><div class=\"vc_inner\"><a class=\"\" href=\"https:\/\/meilleurquadmarrakech.com\/wp-content\/uploads\/2022\/12\/quadloca.jpeg\" data-lightbox=\"lightbox[rel-57-3941914901]\"><img decoding=\"async\" class=\"\" src=\"https:\/\/meilleurquadmarrakech.com\/wp-content\/uploads\/2022\/12\/quadloca-480x340.jpeg\" width=\"480\" height=\"340\" alt=\"quadloca\" title=\"quadloca\" \/><\/a><\/div><\/div><div class=\"vc_item\"><div class=\"vc_inner\"><a class=\"\" href=\"https:\/\/meilleurquadmarrakech.com\/wp-content\/uploads\/2022\/12\/WhatsApp-Image-2022-12-13-at-20.06.54.jpeg\" data-lightbox=\"lightbox[rel-57-3941914901]\"><img decoding=\"async\" class=\"\" src=\"https:\/\/meilleurquadmarrakech.com\/wp-content\/uploads\/2022\/12\/WhatsApp-Image-2022-12-13-at-20.06.54-480x340.jpeg\" width=\"480\" height=\"340\" alt=\"WhatsApp Image 2022-12-13 at 20.06.54\" title=\"WhatsApp Image 2022-12-13 at 20.06.54\" \/><\/a><\/div><\/div><div class=\"vc_item\"><div class=\"vc_inner\"><a class=\"\" href=\"https:\/\/meilleurquadmarrakech.com\/wp-content\/uploads\/2022\/12\/WhatsApp-Image-2022-12-08-at-19.49.16-838x1024.jpeg\" data-lightbox=\"lightbox[rel-57-3941914901]\"><img decoding=\"async\" class=\"\" src=\"https:\/\/meilleurquadmarrakech.com\/wp-content\/uploads\/2022\/12\/WhatsApp-Image-2022-12-08-at-19.49.16-480x340.jpeg\" width=\"480\" height=\"340\" alt=\"WhatsApp Image 2022-12-08 at 19.49.16\" title=\"WhatsApp Image 2022-12-08 at 19.49.16\" \/><\/a><\/div><\/div><div class=\"vc_item\"><div class=\"vc_inner\"><a class=\"\" href=\"https:\/\/meilleurquadmarrakech.com\/wp-content\/uploads\/2022\/12\/agafay-desert-1-1024x540.webp\" data-lightbox=\"lightbox[rel-57-3941914901]\"><img decoding=\"async\" class=\"\" src=\"https:\/\/meilleurquadmarrakech.com\/wp-content\/uploads\/2022\/12\/agafay-desert-1-480x340.webp\" width=\"480\" height=\"340\" alt=\"agafay-desert-1\" title=\"agafay-desert-1\" \/><\/a><\/div><\/div><div class=\"vc_item\"><div class=\"vc_inner\"><a class=\"\" href=\"https:\/\/meilleurquadmarrakech.com\/wp-content\/uploads\/2022\/12\/desert-quad-by-quad-1-1024x556.jpg\" data-lightbox=\"lightbox[rel-57-3941914901]\"><img decoding=\"async\" class=\"\" src=\"https:\/\/meilleurquadmarrakech.com\/wp-content\/uploads\/2022\/12\/desert-quad-by-quad-1-480x340.jpg\" width=\"480\" height=\"340\" alt=\"desert quad by quad\" title=\"desert quad by quad\" \/><\/a><\/div><\/div><div class=\"vc_item\"><div class=\"vc_inner\"><a class=\"\" href=\"https:\/\/meilleurquadmarrakech.com\/wp-content\/uploads\/2022\/12\/WhatsApp-Image-2022-12-08-at-19.49.19-1-1-1024x984.jpeg\" data-lightbox=\"lightbox[rel-57-3941914901]\"><img decoding=\"async\" class=\"\" src=\"https:\/\/meilleurquadmarrakech.com\/wp-content\/uploads\/2022\/12\/WhatsApp-Image-2022-12-08-at-19.49.19-1-1-480x340.jpeg\" width=\"480\" height=\"340\" alt=\"WhatsApp Image 2022-12-08 at 19.49.19 (1)\" title=\"WhatsApp Image 2022-12-08 at 19.49.19 (1)\" \/><\/a><\/div><\/div><div class=\"vc_item\"><div class=\"vc_inner\"><a class=\"\" href=\"https:\/\/meilleurquadmarrakech.com\/wp-content\/uploads\/2022\/12\/WhatsApp-Image-2022-12-08-at-19.48.25-1-1024x767.jpeg\" data-lightbox=\"lightbox[rel-57-3941914901]\"><img decoding=\"async\" class=\"\" src=\"https:\/\/meilleurquadmarrakech.com\/wp-content\/uploads\/2022\/12\/WhatsApp-Image-2022-12-08-at-19.48.25-1-480x340.jpeg\" width=\"480\" height=\"340\" alt=\"WhatsApp Image 2022-12-08 at 19.48.25\" title=\"WhatsApp Image 2022-12-08 at 19.48.25\" \/><\/a><\/div><\/div><div class=\"vc_item\"><div class=\"vc_inner\"><a class=\"\" href=\"https:\/\/meilleurquadmarrakech.com\/wp-content\/uploads\/2022\/12\/WhatsApp-Image-2022-12-08-at-19.49.18-893x1024.jpeg\" data-lightbox=\"lightbox[rel-57-3941914901]\"><img decoding=\"async\" class=\"\" src=\"https:\/\/meilleurquadmarrakech.com\/wp-content\/uploads\/2022\/12\/WhatsApp-Image-2022-12-08-at-19.49.18-480x340.jpeg\" width=\"480\" height=\"340\" alt=\"WhatsApp Image 2022-12-08 at 19.49.18\" title=\"WhatsApp Image 2022-12-08 at 19.49.18\" \/><\/a><\/div><\/div><div class=\"vc_item\"><div class=\"vc_inner\"><a class=\"\" href=\"https:\/\/meilleurquadmarrakech.com\/wp-content\/uploads\/2022\/12\/IMG-20221002-WA0012-1024x864.jpg\" data-lightbox=\"lightbox[rel-57-3941914901]\"><img decoding=\"async\" class=\"\" src=\"https:\/\/meilleurquadmarrakech.com\/wp-content\/uploads\/2022\/12\/IMG-20221002-WA0012-480x340.jpg\" width=\"480\" height=\"340\" alt=\"IMG-20221002-WA0012\" title=\"IMG-20221002-WA0012\" \/><\/a><\/div><\/div><\/div><\/div><\/div><a class=\"vc_left vc_carousel-control\" href=\"#vc_images-carousel-1-1776740676\" data-slide=\"prev\"><span class=\"icon-prev\"><\/span><\/a><a class=\"vc_right vc_carousel-control\" href=\"#vc_images-carousel-1-1776740676\" data-slide=\"next\"><span class=\"icon-next\"><\/span><\/a><\/div><\/div><\/div><\/div><\/div><\/div><div class=\"wpb_column vc_column_container vc_col-sm-6\"><div class=\"vc_column-inner\"><div class=\"wpb_wrapper\">\n\t<div class=\"wpb_text_column wpb_content_element  wpb_animate_when_almost_visible wpb_fadeInLeft fadeInLeft\">\n\t\t<div class=\"wpb_wrapper\">\n\t\t\t<h4><a href=\"https:\/\/meilleurquadmarrakech.com\/\">Ici,<\/a>\u00a0est une agence d'excursions sp\u00e9cialis\u00e9e dans le quad sur un circuit s\u00fbr et s\u00e9curis\u00e9. Nous avons deux circuits diff\u00e9rents, l'un pr\u00e8s de la palmeraie et l'autre au d\u00e9sert d'Agafaay. Cela vous donne l'occasion de choisir exactement quel type d'excursion vous voulez. Nous vous offrons une demi-journ\u00e9e ou une journ\u00e9e enti\u00e8re. Nous nous occupons de groupes ou d'amis, de c\u00e9l\u00e9brations pour des occasions sp\u00e9ciales, des f\u00eates de cerf ou de poule, des anniversaires et de la constitution d'\u00e9quipes d'entreprise.<\/h4>\n<h4 class=\" translation-block\">Ici, <a href=\"https:\/\/meilleurquadmarrakech.com\/\" target=\"_self\">Meilleur Quad Marrakech<\/a>\u00a0nous sommes des experts dans la planification de votre visite id\u00e9ale, faisons le bon pas et laissez-nous vous aider \u00e0 vous en sortir parfait. et \u00e0 d\u00e9couvrir une nouvelle exp\u00e9rience et une nouvelle aventure au c\u0153ur du Maroc: vous aventurez hors des sentiers battus lors d'une excursion en quad en quads de Marrakech, des palmeraies et du d\u00e9sert d'Agafay. Explorez la campagne berb\u00e8re et d\u00e9gustez du th\u00e9 \u00e0 la menthe chez l'habitant.<\/h4>\n\n\t\t<\/div>\n\t<\/div>\n<\/div><\/div><\/div><\/div><div class=\"vc_row wpb_row vc_row-fluid\"><div class=\"wpb_column vc_column_container vc_col-sm-12\"><div class=\"vc_column-inner\"><div class=\"wpb_wrapper\"><div class=\"vc_separator wpb_content_element vc_separator_align_center vc_sep_width_100 vc_sep_border_width_2 vc_sep_pos_align_center vc_separator-has-text\"><span class=\"vc_sep_holder vc_sep_holder_l\"><span  style=\"border-color:#ff8e03;\" class=\"vc_sep_line\"><\/span><\/span><h4>Pourquoi nous choisir ?<\/h4><span class=\"vc_sep_holder vc_sep_holder_r\"><span  style=\"border-color:#ff8e03;\" class=\"vc_sep_line\"><\/span><\/span>\n<\/div><\/div><\/div><\/div><\/div><div class=\"vc_row wpb_row vc_row-fluid\"><div class=\"wpb_column vc_column_container vc_col-sm-4\"><div class=\"vc_column-inner\"><div class=\"wpb_wrapper\"><div class=\"vc_message_box vc_message_box-3d vc_message_box-rounded vc_color-blue\"><div class=\"vc_message_box-icon\"><i class=\"vc-oi vc-oi-star\"><\/i><\/div><p>Notre syst\u00e8me de voies est con\u00e7u pour atteindre un objectif sp\u00e9cifique. Entretenu et utilis\u00e9 uniquement par Meuilleur Quad Marrakech, il a \u00e9t\u00e9 cr\u00e9\u00e9 pour vous, votre famille et vos amis, agr\u00e9ables et s\u00fbrs.<\/p>\n<\/div><\/div><\/div><\/div><div class=\"wpb_column vc_column_container vc_col-sm-4\"><div class=\"vc_column-inner\"><div class=\"wpb_wrapper\"><div class=\"vc_message_box vc_message_box-3d vc_message_box-rounded vc_color-blue\"><div class=\"vc_message_box-icon\"><i class=\"vc_li vc_li-key\"><\/i><\/div><p>Montez sur nos VTT Arctic Cat, une merveille de technologie, avec une garde au sol et une suspension au niveau de pointe, le tout avec des transmissions automatiques faciles \u00e0 utiliser.<\/p>\n<\/div><\/div><\/div><\/div><div class=\"wpb_column vc_column_container vc_col-sm-4\"><div class=\"vc_column-inner\"><div class=\"wpb_wrapper\"><div class=\"vc_message_box vc_message_box-3d vc_message_box-rounded vc_color-blue\"><div class=\"vc_message_box-icon\"><i class=\"vc-oi vc-oi-location-inv\"><\/i><\/div><p>Le d\u00e9sert d'Agafay est situ\u00e9 \u00e0 une trentaine de kilom\u00e8tres au sud de Marrakech et s'\u00e9tend sur plusieurs centaines d'hectares. Ce d\u00e9sert, aussi rocheux soit-il, peut \u00eatre assimil\u00e9 \u00e0 un d\u00e9sert sableux.<\/p>\n<\/div><\/div><\/div><\/div><\/div>","protected":false},"excerpt":{"rendered":"Meilleur Quad Marrakech\u00a0is an excursion agency specialising in quad bike on a safe and secure circuit. We have two different circuits, one near the Palm Grove and one next the Lake Takerkoust and Agafay Desert. This gives you the opportunity to chose exactly what type of excursion you want. We offer you a half or<div class=\"padding-top text-center\"><a href=\"https:\/\/meilleurquadmarrakech.com\/fr\/about-us\/\" class=\"atbtn atbtn--medium atbtn--rounded atbtn--transparent\">Read more<i class=\"atbtn__icon atbtn__icon--right fa fa-long-arrow-right\"><\/i><\/a><\/div>","protected":false},"author":1,"featured_media":0,"parent":0,"menu_order":0,"comment_status":"open","ping_status":"open","template":"","meta":{"om_disable_all_campaigns":false,"_monsterinsights_skip_tracking":false,"_monsterinsights_sitenote_active":false,"_monsterinsights_sitenote_note":"","_monsterinsights_sitenote_category":0,"footnotes":""},"class_list":["post-57","page","type-page","status-publish","hentry"],"_links":{"self":[{"href":"https:\/\/meilleurquadmarrakech.com\/fr\/wp-json\/wp\/v2\/pages\/57","targetHints":{"allow":["GET"]}}],"collection":[{"href":"https:\/\/meilleurquadmarrakech.com\/fr\/wp-json\/wp\/v2\/pages"}],"about":[{"href":"https:\/\/meilleurquadmarrakech.com\/fr\/wp-json\/wp\/v2\/types\/page"}],"author":[{"embeddable":true,"href":"https:\/\/meilleurquadmarrakech.com\/fr\/wp-json\/wp\/v2\/users\/1"}],"replies":[{"embeddable":true,"href":"https:\/\/meilleurquadmarrakech.com\/fr\/wp-json\/wp\/v2\/comments?post=57"}],"version-history":[{"count":0,"href":"https:\/\/meilleurquadmarrakech.com\/fr\/wp-json\/wp\/v2\/pages\/57\/revisions"}],"wp:attachment":[{"href":"https:\/\/meilleurquadmarrakech.com\/fr\/wp-json\/wp\/v2\/media?parent=57"}],"curies":[{"name":"wp","href":"https:\/\/api.w.org\/{rel}","templated":true}]}}